{"id":854,"date":"2016-08-26T12:07:14","date_gmt":"2016-08-26T03:07:14","guid":{"rendered":"http:\/\/www.bourou.com\/?page_id=854"},"modified":"2022-10-20T18:21:27","modified_gmt":"2022-10-20T09:21:27","slug":"js","status":"publish","type":"page","link":"https:\/\/www.bourou.com\/en\/room\/js\/","title":{"rendered":"js"},"content":{"rendered":"<section class=\"sec-page-breadcrumbs\">\n<div class=\"sec-inner wrapper\">\n<ul class=\"breadcrumbs\">\n<li><a class=\"trans2\" href=\"https:\/\/www.bourou.com\/en\"><img decoding=\"async\" src=\"https:\/\/www.bourou.com\/noguchi-cms-en\/wp-content\/themes\/vanilla\/img\/common\/breadcrumbs_home.png\" alt=\"home\"><\/a><\/li>\n<li><a class=\"trans2\" href=\"https:\/\/www.bourou.com\/en\/room\">guest room<\/a><\/li>\n<li>JUNIOR SUITE<\/li>\n<\/ul>\n<\/div>\n<\/section>\n<p><!-- \/.sec-page-breadcrumbs--><br \/>\n<!--\n\n<section class=\"sec-page-title\">\n\n\n<div class=\"sec-inner wrapper\">\n\n\n<div class=\"tb\">\n\n\n<div class=\"td\">\n\n\n<h2 class=\"ttl\">\n\t\t\t\t\tA pleasant touch of extravagance created by a refined design and space.\nSeek a level of relaxation beyond the ordinary.<\/h2>\n\n\n<\/div>\n\n\n<\/div>\n\n\n<\/div>\n\n\n<\/section>\n\n\n\n--><!-- \/.sec-page-title--><br \/>\n<!--\n\n<section class=\"sec-page-desc sec-page-concept-desc\">\n\n\n<div class=\"sec-inner wrapper-plus\">\n\n\n<div class=\"thumb\">\n\t\t\t<img decoding=\"async\" src=\"[template_uri]\/img\/room\/page_desc.png\" alt=\" \" \/><\/div>\n\n\n\n\n<div class=\"cont\">\n\n\n<div class=\"wrapper\">\n\t\t\t\tAll guest rooms are suites with scenic baths, and they masterfully combine a refined design with views of the natural beauty of Noboribetsu Onsen outside the windows. Enjoy a pleasant sense of extravagance in a space designed to prioritize relaxation without any showy decorations or excess.<\/div>\n\n\n<\/div>\n\n\n<\/div>\n\n\n<\/section>\n\n\n\n--><!-- \/.sec-page-desc--><\/p>\n<p><section class=\"sec-com-ga sec-com-room01\">\n\n\n\n\t<div class=\"sec-inner wrapper-plus\">\n\n\n\n\t\t<h2 class=\"sec-ttl\">\n\n\n\n\t\t\t<span class=\"en ft-sans\">JUNIOR SUITE<\/span>\n\n\n\n\t\t\t<span class=\"jp\"><\/span>\n\n\n\n\t\t<\/h2>\n\n\n\n\t\t<div class=\"sec-cont\">\n\n\n\n\t\t<h3 class=\"title\"><\/h3>\n\n\n\n\t\t\t\t\t\t<p class=\"text\">\n\n\n\n\t\t\t\t\t\t\t\n\n\n\t\t\t\t\t\t<\/p>\n\n\n\n\t\t\t<div class=\"block-room01\">\n\n\n\n\t\t\t\t<div class=\"top-img\">\n\n\n\n\t\t\t\t\t<img decoding=\"async\" src=\"https:\/\/www.bourou.com\/noguchi-cms-en\/wp-content\/uploads\/2021\/01\/7e18baa1999dbdbf85ba1cceedc73359.jpg\" alt=\" \">\n\n\n\n\t\t\t\t<\/div>\n\n\n\n\n\n\n\n\t\t\t\t<div class=\"room-detail\">\n\n\n\n\t\t\t\t\t\n\n\n\t\t\t\t\t\n\n\n                \n\n\n\t\t\t\t\t\n\n\n\t\t\t\t\t<div class=\"content\">\n\n\n\n\t\t\t\t\t\t<h3 class=\"title\">JUNIOR SUITE<\/h3>\n\n\n\n\t\t\t\t\t\t<p class=\"text\">\n\n\n\n\t\t\t\t\t\t\tIf you want to feel cozier and more private on your stay, choose Junior Suite. It even has a name for The Most Comforting Room.<br \/>\r\n<br \/>\r\nYou can\u2019t resist the ideal place like this for lavish solo travel, friendly trip for a sweet little t\u00eate-\u00e0-t\u00eate and intimate evening for lovebirds. Only steps to one of Japan\u2019s beloved hot springs, Noboribetsu Onsen that is also what more luxury to stay in this suite.<br \/>\r\n<br \/>\r\nMonopolize the beauty of silence, extra-special coziness of the suite and the invigorating Onsen bathing. Those are all yours.\n\n\n\t\t\t\t\t\t<\/p>\n\n\n\n                <\/div>\n\n\n\n                \n\n\n                \n\n\n                \n\n\n                <\/div>\n\n\n\n\n\n\n\n\n\n\n\n\n\n\n\n\n\n\n\n\n\n\n\n\t\t\t\t<div class=\"room-detail\">\n\n\n\n\t\t\t\t\t\n\n\n\t\t\t\t\t\n\n\n\t\t\t\t\t<div class=\"gallery-images clearfix\">\n\n\n\n\t\t\t\t\t\t<ul class=\"large room_slider\">\n\n\n\n\t\t\t\t\t\t\t\n\n\n\t\t\t\t\t\t\t<li class=\"current\"  ><img decoding=\"async\" src=\"https:\/\/www.bourou.com\/noguchi-cms-en\/wp-content\/uploads\/2016\/08\/thumb19.jpg\" alt=\" \"><\/li>\n\n\n\n\t\t\t\t\t\t\t\n\n\n\t\t\t\t\t\t\t<li  ><img decoding=\"async\" src=\"https:\/\/www.bourou.com\/noguchi-cms-en\/wp-content\/uploads\/2016\/08\/thumb20.jpg\" alt=\" \"><\/li>\n\n\n\n\t\t\t\t\t\t\t\n\n\n\t\t\t\t\t\t\t<li  ><img decoding=\"async\" src=\"https:\/\/www.bourou.com\/noguchi-cms-en\/wp-content\/uploads\/2016\/08\/thumb21.jpg\" alt=\" \"><\/li>\n\n\n\n\t\t\t\t\t\t\t\n\n\n\t\t\t\t\t\t\t<li  ><img decoding=\"async\" src=\"https:\/\/www.bourou.com\/noguchi-cms-en\/wp-content\/uploads\/2016\/08\/thumb22.jpg\" alt=\" \"><\/li>\n\n\n\n\t\t\t\t\t\t\t\n\n\n\t\t\t\t\t\t<\/ul>\n\n\n\n\t\t\t\t\t\t<ul class=\"list-thumbnails room_thumb\">\n\n\n\n\t\t\t\t\t\t\t\n\n\n\t\t\t\t\t\t\t<li class=\"current\"  ><img decoding=\"async\" src=\"https:\/\/www.bourou.com\/noguchi-cms-en\/wp-content\/uploads\/2016\/08\/thumb19.jpg\" alt=\" \"><\/li>\n\n\n\n\t\t\t\t\t\t\t\n\n\n\t\t\t\t\t\t\t<li  ><img decoding=\"async\" src=\"https:\/\/www.bourou.com\/noguchi-cms-en\/wp-content\/uploads\/2016\/08\/thumb20.jpg\" alt=\" \"><\/li>\n\n\n\n\t\t\t\t\t\t\t\n\n\n\t\t\t\t\t\t\t<li  ><img decoding=\"async\" src=\"https:\/\/www.bourou.com\/noguchi-cms-en\/wp-content\/uploads\/2016\/08\/thumb21.jpg\" alt=\" \"><\/li>\n\n\n\n\t\t\t\t\t\t\t\n\n\n\t\t\t\t\t\t\t<li  ><img decoding=\"async\" src=\"https:\/\/www.bourou.com\/noguchi-cms-en\/wp-content\/uploads\/2016\/08\/thumb22.jpg\" alt=\" \"><\/li>\n\n\n\n\t\t\t\t\t\t\t\n\n\n\t\t\t\t\t\t<\/ul>\n\n\n\n\t\t\t\t\t<\/div>\n\n\n\n\t\t\t\t\n\n\n\t\t\t\t\t\n\n\n\t\t\t\t\t<div class=\"content\">\n\n\n\n\t\t\t\t\t\t<div class=\"content-post-img clearfix\">\n\n\n\n\t\t\t\t\t\t\t<div class=\"thumb\">\n\n\n\n\t\t\t\t\t\t\t\t<img decoding=\"async\" src=\"https:\/\/www.bourou.com\/noguchi-cms-en\/wp-content\/uploads\/2016\/08\/img34.jpg\" alt=\" \">\n\n\n\n\t\t\t\t\t\t\t<\/div>\n\n\n\n\t\t\t\t\t\t\t<div class=\"cont ft-sans\">\n\n\n\n\t\t\t\t\t\t\t\t<div class=\"item\">\n\n\n\n\t\t\t\t\t\t\t\t\t<h4 class=\"title-item\">\u3010Features\u3011<\/h4>\n\n\n\n\t\t\t\t\t\t\t\t\t<p class=\"text\">Room Type: Twin<br \/>\r\nRoom Size: 538 sq ft \/ 50 sq m<br \/>\r\nOccupancy: 2 Adults or 1 Adult with 1 Child over 13 Years Old<br \/>\r\nBeds Equipped: 2 beds \/ 47 in x 79 in \/ 120 cm x 200 cm each<\/p>\n\n\n\n\t\t\t\t\t\t\t\t<\/div>\n\n\n\n\t\t\t\t\t\t\t\t<div class=\"item\">\n\n\n\n\t\t\t\t\t\t\t\t\t<h4 class=\"title-item\">\u3010Room Amenities\u3011<\/h4>\n\n\n\n\t\t\t\t\t\t\t\t\t<p class=\"text\">In-Room Onsen Bath with View<br \/>\r\nHigh-Speed Internet Access (Wired LAN)<br \/>\r\nDVD Player<br \/>\r\nCoffee Maker & Coffee Grinder<br \/>\r\nAir Humidifier-Purifier<br \/>\r\nComplimentary Beverages in Refrigerator<br \/>\r\nYukata Robes, Samue Robes, Pajamas, Bathrobes<br \/>\r\nEvening Papers (except Newspaper Holidays, Japanese edition only)<\/p>\n\n\n\n\n\n\n\n\t\t\t\t\t\t\t\t<\/div>\n\n\n\n\n\n\n\n                                \n\n\n                                \t<a class=\"room_plan btn-com trans2 ft-sans\" href=\"https:\/\/book.noguchi-g.com\/booking\/result?code=86b3a3d65d0719bd98c857b4d53c81fc&room_type_codes=1,2\" target=\"_blank\"><span>\nAccommodations<\/span><\/a>\n\n\n\n                                <!--<a href=\"\" class=\"room_plan trans3\"><img decoding=\"async\" src=\"\/img\/room\/plan.png\" alt=\"\u5bbf\u6cca\u30d7\u30e9\u30f3\u4e00\u89a7\u3078\" \/><\/a>-->\n\n\n\n\n\n\n\n\n\n\n\n\n\n\n\t\t\t\t\t\t\t<\/div>\n\n\n\n\t\t\t\t\t\t<\/div>\n\n\n\n\t\t\t\t\t<\/div>\n\n\n\n\n\n\n\n\n\n\n\n\n\n\n<div class=\"mod-spa-btn\">\n\n\n\n<a class=\"btn-arrow trans2\" target=\"_blank\" href=\"http:\/\/www.room360.jp\/ROOM\/BOUROU-NOGUCHI\/room4.html\"><span>360\u00b0Panorama<\/span><\/a>\n\n\n\n<\/div>\n\n\n\n\n\n\n\n\n\n\n\n\n\n\n\n\n\n\n<div class=\"block-ct wrapper mt50\">\n\n\n\n\t\t\t\t<div class=\"mod-com-post\">\n\n\n\n\t\t\t\t\t<div class=\"post clearfix\">\n\n\n\n\t\t\t\t\t\t<div class=\"cont\">\n\n\n\n\t\t\t\t\t\t\t<h3 class=\"ttl\">ROOMS OUTLOOK BATH<\/h3>\n\n\n\n\t\t\t\t\t\t\t<div class=\"txt\">The scenic baths in every room are designed to be spacious enough to enable guests to stretch out full-length. Take in the sweeping mountain view before you as you enjoy the Noboribetsu\u2019s famous naturally-fed hot spring baths.<\/div>\n\n\n\n\t\t\t\t\t\t<\/div>\n\n\n\n\t\t\t\t\t\t<div class=\"thumb\">\n\n\n\n\t\t\t\t\t\t\t<img decoding=\"async\" src=\"https:\/\/www.bourou.com\/noguchi-cms\/wp-content\/uploads\/2016\/11\/123-1.jpg\" alt=\"ROOMS OUTLOOK BATH\" \/>\n\n\n\n\t\t\t\t\t\t<\/div>\n\n\n\n\n\n\t\t\t\t\t<\/div>\n\n\n\n\t\t\t\t<\/div>\n\n\n\n\n\n\n\n\n\n\n\n\n\n\n\n\t\t\t\t\t\n\n\n\t\t\t\t<\/div>\n\n\n\n\t\t\t<\/div>\n\n\n\n\n\n\n\n\t\t<\/div>\n\n\n\n\t<\/div>\n\n\n\n<\/div>\n\n\n\n<\/section>\n\n\n\n\n\n\n\n\n\n\n\n<link rel=\"stylesheet\" type=\"text\/css\" href=\"https:\/\/www.bourou.com\/noguchi-cms-en\/wp-content\/themes\/vanilla\/js\/slick\/slick.css\">\n\n<link rel=\"stylesheet\" type=\"text\/css\" href=\"https:\/\/www.bourou.com\/noguchi-cms-en\/wp-content\/themes\/vanilla\/js\/slick\/slick-theme.css\"><br \/>\n<!-- \/.sec-com-room01 --><\/p>\n<section class=\"sec-com-post room-related\">\n<div class=\"sec-inner wrapper\">\n<h2 class=\"sec-ttl\"><span>Additional Room Types<\/span><\/h2>\n<div class=\"sec-cont\">\n<ul class=\"room-list clearfix\">\n<li>\n<div class=\"thumb\">\n\t\t\t\t\t\t<img decoding=\"async\" src=\"https:\/\/www.bourou.com\/noguchi-cms-en\/wp-content\/themes\/vanilla\/img\/room\/img04.jpg\" alt=\" \"><\/div>\n<p class=\"desc\">EXECUTIVE SUITE<\/p>\n<div class=\"btn\">\n\t\t\t\t\t\t<a href=\"https:\/\/www.bourou.com\/en\/ex\/\" class=\"btn-com trans2 ft-sans\"><span>MORE<\/span><\/a><br \/>\n<a href=\"https:\/\/www.bourou.com\/en\/ex\/\" class=\"link-wp\"><span>MORE<\/span><\/a><\/div>\n<\/li>\n<li>\n<div class=\"thumb\">\n\t\t\t\t\t\t<img decoding=\"async\" src=\"https:\/\/www.bourou.com\/noguchi-cms-en\/wp-content\/themes\/vanilla\/img\/room\/img05.jpg\" alt=\" \"><\/div>\n<p class=\"desc\">LUXURY SUITE \u2010TWIN<\/p>\n<div class=\"btn\">\n\t\t\t\t\t\t<a href=\"https:\/\/www.bourou.com\/en\/lstu\/\" class=\"btn-com trans2 ft-sans\"><span>MORE<\/span><\/a><br \/>\n<a href=\"https:\/\/www.bourou.com\/en\/lstu\/\" class=\"link-wp\"><span>MORE<\/span><\/a><\/div>\n<\/li>\n<li>\n<div class=\"thumb\">\n\t\t\t\t\t\t<img decoding=\"async\" src=\"https:\/\/www.bourou.com\/noguchi-cms-en\/wp-content\/themes\/vanilla\/img\/room\/img06.jpg\" alt=\" \"><\/div>\n<p class=\"desc\">LUXURY SUITE -JAPANESE ROOM<\/p>\n<div class=\"btn\">\n\t\t\t\t\t\t<a href=\"https:\/\/www.bourou.com\/en\/lswa\/\" class=\"btn-com trans2 ft-sans\"><span>MORE<\/span><\/a><br \/>\n<a href=\"https:\/\/www.bourou.com\/en\/lswa\/\" class=\"link-wp\"><span>MORE<\/span><\/a><\/div>\n<\/li>\n<li>\n<div class=\"thumb\">\n\t\t\t\t\t\t<img decoding=\"async\" src=\"https:\/\/www.bourou.com\/noguchi-cms-en\/wp-content\/themes\/vanilla\/img\/room\/img07.jpg\" alt=\" \"><\/div>\n<p class=\"desc\">SUITE<\/p>\n<div class=\"btn\">\n\t\t\t\t\t\t<a href=\"https:\/\/www.bourou.com\/en\/suite\/\" class=\"btn-com trans2 ft-sans\"><span>MORE<\/span><\/a><br \/>\n<a href=\"https:\/\/www.bourou.com\/en\/suite\/\" class=\"link-wp\"><span>MORE<\/span><\/a><\/div>\n<\/li>\n<li>\n<div class=\"thumb\">\n\t\t\t\t\t\t<img decoding=\"async\" src=\"https:\/\/www.bourou.com\/noguchi-cms-en\/wp-content\/themes\/vanilla\/img\/room\/img08.jpg\" alt=\" \"><\/div>\n<p class=\"desc\">JUNIOR SUITE<\/p>\n<div class=\"btn\">\n\t\t\t\t\t\t<a href=\"https:\/\/www.bourou.com\/en\/js\/\" class=\"btn-com trans2 ft-sans\"><span>MORE<\/span><\/a><br \/>\n<a href=\"https:\/\/www.bourou.com\/en\/js\/\" class=\"link-wp\"><span>MORE<\/span><\/a><\/div>\n<\/li>\n<li>\n<div class=\"thumb\">\n\t\t\t\t\t\t<img decoding=\"async\" src=\"https:\/\/www.bourou.com\/noguchi-cms-en\/wp-content\/themes\/vanilla\/img\/room\/img09.jpg\" alt=\" \"><\/div>\n<p class=\"desc\">AMENITY<\/p>\n<div class=\"btn\">\n\t\t\t\t\t\t<a href=\"https:\/\/www.bourou.com\/en\/amenity\/\" class=\"btn-com trans2 ft-sans\"><span>MORE<\/span><\/a><br \/>\n<a href=\"https:\/\/www.bourou.com\/en\/amenity\/\" class=\"link-wp\"><span>MORE<\/span><\/a><\/div>\n<\/li>\n<\/ul>\n<\/div>\n<\/div>\n<\/section>\n<p><!-- \/.sec-com-post --><\/p>\n","protected":false},"excerpt":{"rendered":"<p>guest room JUNIOR SUITE Additional Room Types EXECUTIVE SUITE MORE MORE LUXURY SUITE \u2010TWIN MORE MORE LUXURY SU [&hellip;]<\/p>\n","protected":false},"author":1,"featured_media":0,"parent":68,"menu_order":0,"comment_status":"closed","ping_status":"closed","template":"","meta":{"footnotes":""},"class_list":["post-854","page","type-page","status-publish","hentry"],"aioseo_notices":[],"acf":[],"_links":{"self":[{"href":"https:\/\/www.bourou.com\/en\/wp-json\/wp\/v2\/pages\/854"}],"collection":[{"href":"https:\/\/www.bourou.com\/en\/wp-json\/wp\/v2\/pages"}],"about":[{"href":"https:\/\/www.bourou.com\/en\/wp-json\/wp\/v2\/types\/page"}],"author":[{"embeddable":true,"href":"https:\/\/www.bourou.com\/en\/wp-json\/wp\/v2\/users\/1"}],"replies":[{"embeddable":true,"href":"https:\/\/www.bourou.com\/en\/wp-json\/wp\/v2\/comments?post=854"}],"version-history":[{"count":14,"href":"https:\/\/www.bourou.com\/en\/wp-json\/wp\/v2\/pages\/854\/revisions"}],"predecessor-version":[{"id":1764,"href":"https:\/\/www.bourou.com\/en\/wp-json\/wp\/v2\/pages\/854\/revisions\/1764"}],"up":[{"embeddable":true,"href":"https:\/\/www.bourou.com\/en\/wp-json\/wp\/v2\/pages\/68"}],"wp:attachment":[{"href":"https:\/\/www.bourou.com\/en\/wp-json\/wp\/v2\/media?parent=854"}],"curies":[{"name":"wp","href":"https:\/\/api.w.org\/{rel}","templated":true}]}}